{"id":253,"date":"2022-06-14T23:04:40","date_gmt":"2022-06-14T21:04:40","guid":{"rendered":"http:\/\/metzpoleservices.fr\/?page_id=253"},"modified":"2022-06-15T13:17:55","modified_gmt":"2022-06-15T11:17:55","slug":"recrutement","status":"publish","type":"page","link":"https:\/\/metzpoleservices.fr\/?page_id=253","title":{"rendered":"RECRUTEMENT"},"content":{"rendered":"<p>[et_pb_section fb_built=&#8221;1&#8243; admin_label=&#8221;Header&#8221; _builder_version=&#8221;4.16&#8243; overflow-x=&#8221;hidden&#8221; overflow-y=&#8221;hidden&#8221; global_colors_info=&#8221;{}&#8221;][et_pb_row column_structure=&#8221;1_2,1_2&#8243; _builder_version=&#8221;4.16&#8243; global_colors_info=&#8221;{}&#8221;][et_pb_column type=&#8221;1_2&#8243; _builder_version=&#8221;4.16&#8243; global_colors_info=&#8221;{}&#8221;][et_pb_text _builder_version=&#8221;4.17.4&#8243; header_2_font=&#8221;Roboto Condensed|700||on|||||&#8221; header_2_font_size=&#8221;12px&#8221; header_2_letter_spacing=&#8221;3px&#8221; custom_margin=&#8221;||10px||false|false&#8221; locked=&#8221;off&#8221; global_colors_info=&#8221;{}&#8221;]<\/p>\n<h2><span style=\"color: #fc3f3f;\">\u2014<\/span> Recrutement<\/h2>\n<p>[\/et_pb_text][et_pb_text _builder_version=&#8221;4.17.4&#8243; header_font=&#8221;Roboto Condensed|700||on|||||&#8221; header_font_size=&#8221;80px&#8221; header_line_height=&#8221;1.1em&#8221; header_font_size_tablet=&#8221;60px&#8221; header_font_size_phone=&#8221;40px&#8221; header_font_size_last_edited=&#8221;on|phone&#8221; locked=&#8221;off&#8221; global_colors_info=&#8221;{}&#8221;]<\/p>\n<h1>notre <span style=\"color: #dcc2a6;\">public<\/span><\/h1>\n<p>[\/et_pb_text][et_pb_text _builder_version=&#8221;4.17.4&#8243; text_font=&#8221;Lora||||||||&#8221; text_text_color=&#8221;#676879&#8243; text_font_size=&#8221;16px&#8221; text_line_height=&#8221;2em&#8221; text_font_size_tablet=&#8221;15px&#8221; text_font_size_phone=&#8221;14px&#8221; text_font_size_last_edited=&#8221;on|phone&#8221; locked=&#8221;off&#8221; global_colors_info=&#8221;{}&#8221;]<\/p>\n<p class=\"p2\">Les chantiers s\u2019adressent principalement aux\u00a0:<\/p>\n<p class=\"p2\">-B\u00e9n\u00e9ficiaires du RSA<\/p>\n<p class=\"p2\">-Personnes de plus de 18 ans<\/p>\n<p class=\"p2\">-Demandeurs d\u2019emploi de longue dur\u00e9e (plus de deux ans)<\/p>\n<p class=\"p2\">-Travailleurs handicap\u00e9s<\/p>\n<p class=\"p2\">Les salari\u00e9s sont tous en contrat \u00e0 dur\u00e9e d\u00e9termin\u00e9e d\u2019insertion, soit\u00a0\u00e0 26h\/semaine, soit \u00e0 35h\/semaine.<\/p>\n<p>[\/et_pb_text][\/et_pb_column][et_pb_column type=&#8221;1_2&#8243; _builder_version=&#8221;4.16&#8243; global_colors_info=&#8221;{}&#8221;][et_pb_image src=&#8221;https:\/\/metzpoleservices.fr\/wp-content\/uploads\/2022\/06\/IMG_5716-2-scaled.jpeg&#8221; title_text=&#8221;IMG_5716 2&#8243; _builder_version=&#8221;4.17.4&#8243; use_background_color_gradient=&#8221;on&#8221; background_color_gradient_direction=&#8221;90deg&#8221; background_color_gradient_stops=&#8221;rgba(0,0,0,0) 30%|#e94b54 30%&#8221; background_color_gradient_start=&#8221;rgba(0,0,0,0)&#8221; background_color_gradient_start_position=&#8221;30%&#8221; background_color_gradient_end=&#8221;#e94b54&#8243; background_color_gradient_end_position=&#8221;0%&#8221; width=&#8221;85%&#8221; custom_margin=&#8221;-90px|-20vw|||false|false&#8221; custom_margin_tablet=&#8221;0px|0vw|||false|false&#8221; custom_margin_phone=&#8221;&#8221; custom_margin_last_edited=&#8221;on|tablet&#8221; border_width_right=&#8221;23px&#8221; border_color_right=&#8221;gcid-7be8384b-0b97-48c8-a48c-7b4b7543afbc&#8221; global_colors_info=&#8221;{%22gcid-7be8384b-0b97-48c8-a48c-7b4b7543afbc%22:%91%22border_color_right%22%93}&#8221;][\/et_pb_image][\/et_pb_column][\/et_pb_row][\/et_pb_section][et_pb_section fb_built=&#8221;1&#8243; make_equal=&#8221;on&#8221; specialty=&#8221;on&#8221; background_color_1=&#8221;#e94b54&#8243; padding_top_1=&#8221;10px&#8221; padding_top_2=&#8221;6vw&#8221; padding_right_1=&#8221;20px&#8221; padding_bottom_1=&#8221;10px&#8221; padding_left_1=&#8221;20px&#8221; padding_left_2=&#8221;80px&#8221; padding_top_bottom_link_1=&#8221;true&#8221; padding_top_bottom_link_2=&#8221;false&#8221; padding_left_right_link_1=&#8221;true&#8221; padding_left_right_link_2=&#8221;false&#8221; padding_2_tablet=&#8221;0px|0px||0px|false|true&#8221; padding_2_phone=&#8221;&#8221; padding_2_last_edited=&#8221;on|tablet&#8221; admin_label=&#8221;About&#8221; _builder_version=&#8221;4.16&#8243; z_index=&#8221;10&#8243; custom_padding=&#8221;0px||0px|||&#8221; locked=&#8221;off&#8221; global_colors_info=&#8221;{}&#8221;][et_pb_column type=&#8221;1_4&#8243; _builder_version=&#8221;4.16&#8243; custom_padding=&#8221;|||&#8221; global_colors_info=&#8221;{}&#8221; custom_padding__hover=&#8221;|||&#8221;][et_pb_text _builder_version=&#8221;4.17.4&#8243; text_font=&#8221;Roboto Condensed|700||on|||||&#8221; text_font_size=&#8221;150px&#8221; text_line_height=&#8221;1em&#8221; transform_scale_tablet=&#8221;&#8221; transform_scale_phone=&#8221;&#8221; transform_scale_last_edited=&#8221;on|tablet&#8221; transform_translate=&#8221;-32%|190%&#8221; transform_translate_tablet=&#8221;0%|0%&#8221; transform_translate_phone=&#8221;&#8221; transform_translate_last_edited=&#8221;on|tablet&#8221; transform_translate_linked=&#8221;off&#8221; transform_rotate=&#8221;0deg|0deg|-90deg&#8221; transform_rotate_tablet=&#8221;0deg|0deg|0deg&#8221; transform_rotate_phone=&#8221;&#8221; transform_rotate_last_edited=&#8221;on|desktop&#8221; transform_skew_tablet=&#8221;&#8221; transform_skew_phone=&#8221;&#8221; transform_skew_last_edited=&#8221;on|desktop&#8221; transform_origin_tablet=&#8221;&#8221; transform_origin_phone=&#8221;&#8221; transform_origin_last_edited=&#8221;on|desktop&#8221; transform_styles_last_edited=&#8221;on|tablet&#8221; text_orientation=&#8221;center&#8221; background_layout=&#8221;dark&#8221; width=&#8221;500%&#8221; width_tablet=&#8221;100%&#8221; width_phone=&#8221;&#8221; width_last_edited=&#8221;on|tablet&#8221; text_font_size_tablet=&#8221;20px&#8221; text_font_size_phone=&#8221;&#8221; text_font_size_last_edited=&#8221;on|phone&#8221; transform_styles_tablet=&#8221;&#8221; transform_styles_phone=&#8221;&#8221; text_orientation_tablet=&#8221;left&#8221; text_orientation_phone=&#8221;&#8221; text_orientation_last_edited=&#8221;on|tablet&#8221; global_colors_info=&#8221;{}&#8221; transform_styles__hover_enabled=&#8221;off|desktop&#8221; transform_scale__hover_enabled=&#8221;off|desktop&#8221; transform_translate__hover_enabled=&#8221;off|desktop&#8221; transform_rotate__hover_enabled=&#8221;off|desktop&#8221; transform_skew__hover_enabled=&#8221;off|desktop&#8221; transform_origin__hover_enabled=&#8221;off|desktop&#8221; text_font_size__hover_enabled=&#8221;off|desktop&#8221;]<\/p>\n<p>inclusion<\/p>\n<p>[\/et_pb_text][\/et_pb_column][et_pb_column type=&#8221;3_4&#8243; specialty_columns=&#8221;3&#8243; _builder_version=&#8221;4.16&#8243; custom_padding=&#8221;|||&#8221; global_colors_info=&#8221;{}&#8221; custom_padding__hover=&#8221;|||&#8221;][et_pb_row_inner _builder_version=&#8221;4.16&#8243; global_colors_info=&#8221;{}&#8221;][et_pb_column_inner saved_specialty_column_type=&#8221;3_4&#8243; _builder_version=&#8221;4.16&#8243; global_colors_info=&#8221;{}&#8221;][et_pb_text _builder_version=&#8221;4.16&#8243; header_2_font=&#8221;Roboto Condensed|700||on|||||&#8221; header_2_font_size=&#8221;80px&#8221; header_2_line_height=&#8221;1.1em&#8221; header_2_font_size_tablet=&#8221;50px&#8221; header_2_font_size_phone=&#8221;30px&#8221; header_2_font_size_last_edited=&#8221;on|phone&#8221; locked=&#8221;off&#8221; global_colors_info=&#8221;{}&#8221;]<\/p>\n<h2><span style=\"color: #000000;\">la plateforme <span style=\"color: #dcc2a6;\">de l&#8217;inclusion<\/span><\/span><\/h2>\n<p>[\/et_pb_text][\/et_pb_column_inner][\/et_pb_row_inner][et_pb_row_inner _builder_version=&#8221;4.17.4&#8243; _module_preset=&#8221;default&#8221; global_colors_info=&#8221;{}&#8221;][et_pb_column_inner saved_specialty_column_type=&#8221;3_4&#8243; _builder_version=&#8221;4.17.4&#8243; _module_preset=&#8221;default&#8221; global_colors_info=&#8221;{}&#8221;][et_pb_text _builder_version=&#8221;4.17.4&#8243; text_font=&#8221;Lora||||||||&#8221; text_text_color=&#8221;#676879&#8243; text_font_size=&#8221;16px&#8221; text_line_height=&#8221;2em&#8221; custom_margin=&#8221;||34px|||&#8221; text_font_size_tablet=&#8221;15px&#8221; text_font_size_phone=&#8221;14px&#8221; text_font_size_last_edited=&#8221;on|phone&#8221; locked=&#8221;off&#8221; global_colors_info=&#8221;{}&#8221;]<\/p>\n<p class=\"p1\">Ce site facilite la mise en relation des personnes les plus \u00e9loign\u00e9es de l\u2019emploi avec les employeurs solidaire et les accompagnants.<\/p>\n<p class=\"p1\">Il permet de fluidifier le parcours d\u2019insertion entre professionnels et renforcer la qualit\u00e9 de l\u2019accompagnement des personnes.<\/p>\n<p>[\/et_pb_text][et_pb_button button_url=&#8221;https:\/\/inclusion.beta.gouv.fr\/&#8221; url_new_window=&#8221;on&#8221; button_text=&#8221;Aller sur le site &#8221; _builder_version=&#8221;4.17.4&#8243; _module_preset=&#8221;default&#8221; custom_button=&#8221;on&#8221; button_text_color=&#8221;#FFFFFF&#8221; button_bg_color=&#8221;gcid-7be8384b-0b97-48c8-a48c-7b4b7543afbc&#8221; button_border_width=&#8221;0px&#8221; button_border_color=&#8221;RGBA(255,255,255,0)&#8221; button_border_radius=&#8221;71px&#8221; global_colors_info=&#8221;{%22gcid-7be8384b-0b97-48c8-a48c-7b4b7543afbc%22:%91%22button_bg_color%22%93}&#8221;][\/et_pb_button][\/et_pb_column_inner][\/et_pb_row_inner][et_pb_row_inner _builder_version=&#8221;4.16&#8243; custom_padding=&#8221;||0px|||&#8221; global_colors_info=&#8221;{}&#8221;][et_pb_column_inner saved_specialty_column_type=&#8221;3_4&#8243; _builder_version=&#8221;4.16&#8243; global_colors_info=&#8221;{}&#8221;][et_pb_image src=&#8221;https:\/\/metzpoleservices.fr\/wp-content\/uploads\/2022\/06\/Capture-de\u0301cran-2022-06-15-a\u0300-10.59.13.png&#8221; title_text=&#8221;Capture d\u2019e\u0301cran 2022-06-15 a\u0300 10.59.13&#8243; _builder_version=&#8221;4.17.4&#8243; _module_preset=&#8221;default&#8221; global_colors_info=&#8221;{}&#8221;][\/et_pb_image][\/et_pb_column_inner][\/et_pb_row_inner][\/et_pb_column][\/et_pb_section][et_pb_section fb_built=&#8221;1&#8243; admin_label=&#8221;Footer Bottom&#8221; _builder_version=&#8221;4.16&#8243; custom_padding=&#8221;0px||0px|||&#8221; global_colors_info=&#8221;{}&#8221;][et_pb_row column_structure=&#8221;1_3,1_3,1_3&#8243; _builder_version=&#8221;4.16&#8243; custom_padding=&#8221;||0px|||&#8221; global_colors_info=&#8221;{}&#8221;][et_pb_column type=&#8221;1_3&#8243; _builder_version=&#8221;4.16&#8243; custom_padding=&#8221;20px||10px|0px|false|false&#8221; global_colors_info=&#8221;{}&#8221;][et_pb_text _builder_version=&#8221;4.16&#8243; text_font=&#8221;|600|||||||&#8221; text_text_color=&#8221;rgba(103,104,121,0.56)&#8221; text_line_height=&#8221;2em&#8221; link_text_color=&#8221;rgba(103,104,121,0.56)&#8221; header_3_font=&#8221;Roboto Condensed|700||on|||||&#8221; header_3_font_size=&#8221;20px&#8221; header_3_letter_spacing=&#8221;1px&#8221; header_3_line_height=&#8221;1.2em&#8221; max_width=&#8221;640px&#8221; text_font_size_tablet=&#8221;15px&#8221; text_font_size_phone=&#8221;14px&#8221; text_font_size_last_edited=&#8221;off|desktop&#8221; header_3_font_size_tablet=&#8221;&#8221; header_3_font_size_phone=&#8221;18px&#8221; header_3_font_size_last_edited=&#8221;on|phone&#8221; locked=&#8221;off&#8221; global_colors_info=&#8221;{}&#8221; link_text_color__hover_enabled=&#8221;on|hover&#8221; link_text_color__hover=&#8221;#fc3f3f&#8221;]<\/p>\n<p><a href=\"#\">Mentions l\u00e9gales<\/a> | <a href=\"#\">Cookies<\/a><\/p>\n<p>[\/et_pb_text][\/et_pb_column][et_pb_column type=&#8221;1_3&#8243; _builder_version=&#8221;4.16&#8243; background_color=&#8221;#E94B54&#8243; custom_padding=&#8221;20px|20px|10px|20px|false|true&#8221; global_colors_info=&#8221;{}&#8221;][et_pb_social_media_follow icon_color=&#8221;#E94B54&#8243; _builder_version=&#8221;4.16&#8243; background_color=&#8221;RGBA(255,255,255,0)&#8221; text_orientation=&#8221;center&#8221; border_radii=&#8221;on|23px|23px|23px|23px&#8221; global_colors_info=&#8221;{}&#8221;][et_pb_social_media_follow_network social_network=&#8221;facebook&#8221; _builder_version=&#8221;4.16&#8243; background_color=&#8221;#FFFFFF&#8221; background_enable_color=&#8221;on&#8221; custom_padding=&#8221;5px|5px|5px|5px|true|true&#8221; global_colors_info=&#8221;{}&#8221; follow_button=&#8221;off&#8221; url_new_window=&#8221;on&#8221;]facebook[\/et_pb_social_media_follow_network][et_pb_social_media_follow_network social_network=&#8221;twitter&#8221; _builder_version=&#8221;4.16&#8243; background_color=&#8221;#FFFFFF&#8221; background_enable_color=&#8221;on&#8221; custom_padding=&#8221;5px|5px|5px|5px|true|true&#8221; global_colors_info=&#8221;{}&#8221; follow_button=&#8221;off&#8221; url_new_window=&#8221;on&#8221;]twitter[\/et_pb_social_media_follow_network][et_pb_social_media_follow_network social_network=&#8221;instagram&#8221; _builder_version=&#8221;4.16&#8243; background_color=&#8221;#FFFFFF&#8221; background_enable_color=&#8221;on&#8221; custom_padding=&#8221;5px|5px|5px|5px|true|true&#8221; global_colors_info=&#8221;{}&#8221; follow_button=&#8221;off&#8221; url_new_window=&#8221;on&#8221;]instagram[\/et_pb_social_media_follow_network][\/et_pb_social_media_follow][\/et_pb_column][et_pb_column type=&#8221;1_3&#8243; _builder_version=&#8221;4.16&#8243; custom_padding=&#8221;20px||10px|0px|false|false&#8221; global_colors_info=&#8221;{}&#8221;][et_pb_text _builder_version=&#8221;4.16&#8243; _dynamic_attributes=&#8221;content&#8221; text_font=&#8221;|600|||||||&#8221; text_text_color=&#8221;rgba(103,104,121,0.56)&#8221; text_line_height=&#8221;2em&#8221; header_3_font=&#8221;Roboto Condensed|700||on|||||&#8221; header_3_font_size=&#8221;20px&#8221; header_3_letter_spacing=&#8221;1px&#8221; header_3_line_height=&#8221;1.2em&#8221; max_width=&#8221;640px&#8221; text_font_size_tablet=&#8221;15px&#8221; text_font_size_phone=&#8221;14px&#8221; text_font_size_last_edited=&#8221;off|desktop&#8221; header_3_font_size_tablet=&#8221;&#8221; header_3_font_size_phone=&#8221;18px&#8221; header_3_font_size_last_edited=&#8221;on|phone&#8221; locked=&#8221;off&#8221; global_colors_info=&#8221;{}&#8221;]@ET-DC@eyJkeW5hbWljIjp0cnVlLCJjb250ZW50IjoiY3VycmVudF9kYXRlIiwic2V0dGluZ3MiOnsiYmVmb3JlIjoiQ29weXJpZ2h0IFx1MDBhOSAiLCJhZnRlciI6IlBvaW50IGQnQW5jcmFnZSAmYW1wOyBOQyBQcm9qZXRzIiwiZGF0ZV9mb3JtYXQiOiJjdXN0b20iLCJjdXN0b21fZGF0ZV9mb3JtYXQiOiJZIn19@[\/et_pb_text][\/et_pb_column][\/et_pb_row][\/et_pb_section]<\/p>\n","protected":false},"excerpt":{"rendered":"<p>\u2014 Recrutementnotre publicLes chantiers s\u2019adressent principalement aux\u00a0: -B\u00e9n\u00e9ficiaires du RSA -Personnes de plus de 18 ans -Demandeurs d\u2019emploi de longue dur\u00e9e (plus de deux ans) -Travailleurs handicap\u00e9s Les salari\u00e9s sont tous en contrat \u00e0 dur\u00e9e d\u00e9termin\u00e9e d\u2019insertion, soit\u00a0\u00e0 26h\/semaine, soit \u00e0 35h\/semaine.inclusionla plateforme de l&#8217;inclusionCe site facilite la mise en relation des personnes les plus [&hellip;]<\/p>\n","protected":false},"author":1,"featured_media":0,"parent":0,"menu_order":0,"comment_status":"closed","ping_status":"closed","template":"","meta":{"_et_pb_use_builder":"on","_et_pb_old_content":"<!-- wp:divi\/placeholder \/-->","_et_gb_content_width":"","footnotes":""},"class_list":["post-253","page","type-page","status-publish","hentry"],"_links":{"self":[{"href":"https:\/\/metzpoleservices.fr\/index.php?rest_route=\/wp\/v2\/pages\/253","targetHints":{"allow":["GET"]}}],"collection":[{"href":"https:\/\/metzpoleservices.fr\/index.php?rest_route=\/wp\/v2\/pages"}],"about":[{"href":"https:\/\/metzpoleservices.fr\/index.php?rest_route=\/wp\/v2\/types\/page"}],"author":[{"embeddable":true,"href":"https:\/\/metzpoleservices.fr\/index.php?rest_route=\/wp\/v2\/users\/1"}],"replies":[{"embeddable":true,"href":"https:\/\/metzpoleservices.fr\/index.php?rest_route=%2Fwp%2Fv2%2Fcomments&post=253"}],"version-history":[{"count":7,"href":"https:\/\/metzpoleservices.fr\/index.php?rest_route=\/wp\/v2\/pages\/253\/revisions"}],"predecessor-version":[{"id":367,"href":"https:\/\/metzpoleservices.fr\/index.php?rest_route=\/wp\/v2\/pages\/253\/revisions\/367"}],"wp:attachment":[{"href":"https:\/\/metzpoleservices.fr\/index.php?rest_route=%2Fwp%2Fv2%2Fmedia&parent=253"}],"curies":[{"name":"wp","href":"https:\/\/api.w.org\/{rel}","templated":true}]}}