{"id":412,"date":"2025-02-04T11:16:34","date_gmt":"2025-02-04T10:16:34","guid":{"rendered":"https:\/\/metzpoleservices.fr\/?page_id=412"},"modified":"2025-11-14T13:53:06","modified_gmt":"2025-11-14T12:53:06","slug":"maraichage","status":"publish","type":"page","link":"https:\/\/metzpoleservices.fr\/?page_id=412","title":{"rendered":"Mara\u00eechage"},"content":{"rendered":"<p>[et_pb_section fb_built=&#8221;1&#8243; admin_label=&#8221;Header&#8221; _builder_version=&#8221;4.16&#8243; custom_padding=&#8221;||0px|||&#8221; locked=&#8221;off&#8221; global_colors_info=&#8221;{}&#8221;][et_pb_row column_structure=&#8221;1_2,1_2&#8243; _builder_version=&#8221;4.16&#8243; custom_padding=&#8221;||1px|||&#8221; global_colors_info=&#8221;{}&#8221;][et_pb_column type=&#8221;1_2&#8243; _builder_version=&#8221;4.16&#8243; global_colors_info=&#8221;{}&#8221;][et_pb_text _builder_version=&#8221;4.16&#8243; header_2_font=&#8221;Roboto Condensed|700||on|||||&#8221; header_2_font_size=&#8221;12px&#8221; header_2_letter_spacing=&#8221;3px&#8221; min_height=&#8221;10px&#8221; custom_margin=&#8221;||10px||false|false&#8221; locked=&#8221;off&#8221; global_colors_info=&#8221;{}&#8221;]<\/p>\n<h2><span style=\"color: #fc3f3f;\">\u2014<\/span> Service<\/h2>\n<p>[\/et_pb_text][et_pb_text _builder_version=&#8221;4.23.2&#8243; header_font=&#8221;Roboto Condensed|700||on|||||&#8221; header_font_size=&#8221;80px&#8221; header_line_height=&#8221;1.1em&#8221; header_font_size_tablet=&#8221;60px&#8221; header_font_size_phone=&#8221;40px&#8221; header_font_size_last_edited=&#8221;on|phone&#8221; locked=&#8221;off&#8221; global_colors_info=&#8221;{}&#8221;]<\/p>\n<h1>Cultivez la terre <span style=\"color: #dcc2a6;\">r\u00e9veillez vos talents<\/span><\/h1>\n<p>[\/et_pb_text][et_pb_text _builder_version=&#8221;4.23.2&#8243; text_font=&#8221;Lora||||||||&#8221; text_text_color=&#8221;#676879&#8243; text_font_size=&#8221;16px&#8221; text_line_height=&#8221;2em&#8221; text_font_size_tablet=&#8221;15px&#8221; text_font_size_phone=&#8221;14px&#8221; text_font_size_last_edited=&#8221;on|phone&#8221; locked=&#8221;off&#8221; global_colors_info=&#8221;{}&#8221;]<\/p>\n<p>Notre activit\u00e9 mara\u00eechage, allie Agriculture durable et insertion sociale.<\/p>\n<p>&nbsp;<\/p>\n<p>[\/et_pb_text][\/et_pb_column][et_pb_column type=&#8221;1_2&#8243; _builder_version=&#8221;4.16&#8243; global_colors_info=&#8221;{}&#8221;][et_pb_image src=&#8221;https:\/\/metzpoleservices.fr\/wp-content\/uploads\/2025\/02\/471473627_8799987006758896_439054204678533867_n.jpg&#8221; _builder_version=&#8221;4.23.2&#8243; use_background_color_gradient=&#8221;on&#8221; background_color_gradient_direction=&#8221;90deg&#8221; background_color_gradient_stops=&#8221;rgba(0,0,0,0) 30%|#4a00d8 30%&#8221; background_color_gradient_start=&#8221;rgba(0,0,0,0)&#8221; background_color_gradient_start_position=&#8221;30%&#8221; background_color_gradient_end=&#8221;#4a00d8&#8243; background_color_gradient_end_position=&#8221;0%&#8221; width=&#8221;86%&#8221; custom_margin=&#8221;-90px|-10vw|||false|false&#8221; custom_margin_tablet=&#8221;0px|0vw|||false|false&#8221; custom_margin_phone=&#8221;&#8221; custom_margin_last_edited=&#8221;on|tablet&#8221; global_colors_info=&#8221;{}&#8221;][\/et_pb_image][\/et_pb_column][\/et_pb_row][\/et_pb_section][et_pb_section fb_built=&#8221;1&#8243; admin_label=&#8221;Services&#8221; _builder_version=&#8221;4.17.4&#8243; background_color=&#8221;rgba(0,0,0,0.06)&#8221; custom_padding=&#8221;9px|||||&#8221; global_colors_info=&#8221;{}&#8221;][et_pb_row _builder_version=&#8221;4.23.2&#8243; _module_preset=&#8221;default&#8221; global_colors_info=&#8221;{}&#8221;][et_pb_column type=&#8221;4_4&#8243; _builder_version=&#8221;4.23.2&#8243; _module_preset=&#8221;default&#8221; global_colors_info=&#8221;{}&#8221;][et_pb_video src=&#8221;https:\/\/metzpoleservices.fr\/wp-content\/uploads\/2025\/11\/MPS-Maraichage.mov&#8221; _builder_version=&#8221;4.27.4&#8243; _module_preset=&#8221;default&#8221; title_text=&#8221;MPS &#8211; Mara\u00eechage&#8221; hover_enabled=&#8221;0&#8243; sticky_enabled=&#8221;0&#8243;][\/et_pb_video][et_pb_text _builder_version=&#8221;4.27.4&#8243; _module_preset=&#8221;default&#8221; text_font=&#8221;Lora||||||||&#8221; text_text_color=&#8221;#676879&#8243; text_font_size=&#8221;16px&#8221; text_line_height=&#8221;2em&#8221; text_orientation=&#8221;center&#8221; custom_padding=&#8221;30px||||false|false&#8221; text_font_size_tablet=&#8221;15px&#8221; text_font_size_phone=&#8221;14px&#8221; text_font_size_last_edited=&#8221;on|phone&#8221; global_colors_info=&#8221;{}&#8221;]<\/p>\n<p>Sur notre terrain cultiv\u00e9 avec soins nous produisons des <strong>l\u00e9gumes<\/strong>, <strong>fruits<\/strong> et <strong>herbes aromatiques<\/strong>. Tout en offrant une opportunit\u00e9 pr\u00e9cieuse \u00e0 des personnes en parcours d\u2019insertion. <strong>Nous produisons du BIO<\/strong>, tous ceci afin de cr\u00e9er des paniers de l\u00e9gumes, frais, facile et \u00e9thique.<\/p>\n<p>Chez Metz Pole services, nous r\u00e9coltons ce que nous semons, nous donnons l\u2019acc\u00e8s \u00e0 une alimentation de qualit\u00e9 et permettons \u00e0 des personnes de se construire un avenir professionnel.<\/p>\n<p><strong>Donnez du sens \u00e0 votre alimentation, en int\u00e9grant l\u2019\u00e9quipe mara\u00eechage !<\/strong><\/p>\n<p>[\/et_pb_text][et_pb_button button_url=&#8221;https:\/\/metzpoleservices.fr\/#contact&#8221; button_text=&#8221;Contactez-nous&#8221; button_alignment=&#8221;center&#8221; _builder_version=&#8221;4.23.2&#8243; _module_preset=&#8221;390c0f29-a43e-4ec3-ae09-d287942ea422&#8243; button_text_color=&#8221;#FFFFFF&#8221; button_bg_color=&#8221;#dcc2a6&#8243; button_border_width=&#8221;2px&#8221; button_border_color=&#8221;#dcc2a6&#8243; button_border_radius=&#8221;16px&#8221; locked=&#8221;off&#8221; global_colors_info=&#8221;{}&#8221;][\/et_pb_button][\/et_pb_column][\/et_pb_row][\/et_pb_section][et_pb_section fb_built=&#8221;1&#8243; specialty=&#8221;on&#8221; admin_label=&#8221;How You Can Help&#8221; _builder_version=&#8221;4.25.1&#8243; _module_preset=&#8221;default&#8221; locked=&#8221;off&#8221; collapsed=&#8221;on&#8221; global_colors_info=&#8221;{}&#8221;][et_pb_column type=&#8221;1_2&#8243; _builder_version=&#8221;4.16&#8243; _module_preset=&#8221;default&#8221; custom_padding=&#8221;|||&#8221; global_colors_info=&#8221;{}&#8221; custom_padding__hover=&#8221;|||&#8221;][et_pb_blurb title=&#8221;Activit\u00e9 n\u00b01 : Pr\u00e9paration du sol, semi, plantation&#8221; use_icon=&#8221;on&#8221; font_icon=&#8221;&#x52;||divi||400&#8243; icon_color=&#8221;#dcc2a6&#8243; _builder_version=&#8221;4.23.2&#8243; _module_preset=&#8221;3d66f594-92ec-442b-943d-9195f28349b2&#8243; header_font=&#8221;Roboto Condensed|700||on|||||&#8221; header_text_color=&#8221;#dcc2a6&#8243; header_font_size=&#8221;22px&#8221; header_line_height=&#8221;1.2em&#8221; body_font=&#8221;Lora||||||||&#8221; body_font_size=&#8221;15px&#8221; custom_padding=&#8221;||30px||false|false&#8221; header_font_size_tablet=&#8221;&#8221; header_font_size_phone=&#8221;&#8221; header_font_size_last_edited=&#8221;on|phone&#8221; global_colors_info=&#8221;{%22gcid-1f1b4e15-7cc6-4e13-8154-74d77a956460%22:%91%22icon_color%22,%22icon_color%22%93}&#8221;]<\/p>\n<p>Munis de r\u00e2teaux, bottes, gants, pelles &#8230; nous travaillons le sol pour qu\u2019il soit le meilleur possible, afin d\u2019accueillir nos semis et plantation au cours de l\u2019ann\u00e9e<\/p>\n<p>[\/et_pb_blurb][et_pb_blurb title=&#8221;Activit\u00e9 n\u00b02 : R\u00e9coltes, conditionnement et ventes &#8221; use_icon=&#8221;on&#8221; font_icon=&#8221;&#x52;||divi||400&#8243; icon_color=&#8221;#dcc2a6&#8243; _builder_version=&#8221;4.23.2&#8243; _module_preset=&#8221;3d66f594-92ec-442b-943d-9195f28349b2&#8243; header_font=&#8221;Roboto Condensed|700||on|||||&#8221; header_text_color=&#8221;#dcc2a6&#8243; header_font_size=&#8221;22px&#8221; header_line_height=&#8221;1.2em&#8221; body_font=&#8221;Lora||||||||&#8221; body_font_size=&#8221;15px&#8221; custom_padding=&#8221;||30px||false|false&#8221; header_font_size_tablet=&#8221;&#8221; header_font_size_phone=&#8221;&#8221; header_font_size_last_edited=&#8221;on|phone&#8221; global_colors_info=&#8221;{%22gcid-1f1b4e15-7cc6-4e13-8154-74d77a956460%22:%91%22icon_color%22,%22icon_color%22,%22icon_color%22,%22icon_color%22%93}&#8221;]<\/p>\n<p>Nous r\u00e9coltons \u00e0 plusieurs p\u00e9riodes de l\u2019ann\u00e9e des l\u00e9gumes, fruit ou herbes aromatiques que nous avons vu se d\u00e9velopper de la graine au fruit. Cela nous permet de cr\u00e9er des paniers solidaires, qui allie plusieurs producteurs locaux afin de pouvoir vendre ces paniers \u00e0 moindre cout a des personnes dans le besoin. Cela permet alors de voir le processus de production d\u2019un produit de sont semi \u00e0 sa vente, consommation. Puisqu\u2019en effet des ateliers cuisine sont \u00e9galement organis\u00e9 afin de voir comment cuisin\u00e9 certains produits que l\u2019on peut retrouver dans les paniers.<\/p>\n<p>[\/et_pb_blurb][et_pb_blurb title=&#8221;Activit\u00e9 n\u00b03 : Entretien du terrain &#8221; use_icon=&#8221;on&#8221; font_icon=&#8221;&#x52;||divi||400&#8243; icon_color=&#8221;#dcc2a6&#8243; _builder_version=&#8221;4.23.2&#8243; _module_preset=&#8221;3d66f594-92ec-442b-943d-9195f28349b2&#8243; header_font=&#8221;Roboto Condensed|700||on|||||&#8221; header_text_color=&#8221;#dcc2a6&#8243; header_font_size=&#8221;22px&#8221; header_line_height=&#8221;1.2em&#8221; body_font=&#8221;Lora||||||||&#8221; body_font_size=&#8221;15px&#8221; header_font_size_tablet=&#8221;&#8221; header_font_size_phone=&#8221;&#8221; header_font_size_last_edited=&#8221;on|phone&#8221; global_colors_info=&#8221;{%22gcid-1f1b4e15-7cc6-4e13-8154-74d77a956460%22:%91%22icon_color%22,%22icon_color%22,%22icon_color%22,%22icon_color%22%93}&#8221;]<\/p>\n<p>Tout au long de l\u2019ann\u00e9e il est important d\u2019entretenir notre terrain, que ce soit avec une d\u00e9broussailleuse, en taillant nos arbres fruitiers, en r\u00e9alisant du bricolage afin de facilit\u00e9 certaines action au sein du terrain. Mais cela passe \u00e9galement par du d\u00e9sherbage, et des cr\u00e9ations diverses\u00a0! il y a toujours quelques chose \u00e0 faire aux jardins\u00a0!\u00a0<\/p>\n<p>[\/et_pb_blurb][\/et_pb_column][et_pb_column type=&#8221;1_2&#8243; specialty_columns=&#8221;2&#8243; _builder_version=&#8221;4.16&#8243; _module_preset=&#8221;default&#8221; custom_padding=&#8221;|||&#8221; global_colors_info=&#8221;{}&#8221; custom_padding__hover=&#8221;|||&#8221;][et_pb_row_inner column_structure=&#8221;1_2,1_2&#8243; use_custom_gutter=&#8221;on&#8221; gutter_width=&#8221;2&#8243; _builder_version=&#8221;4.25.1&#8243; _module_preset=&#8221;default&#8221; global_colors_info=&#8221;{}&#8221;][et_pb_column_inner type=&#8221;1_2&#8243; saved_specialty_column_type=&#8221;1_2&#8243; _builder_version=&#8221;4.25.1&#8243; _module_preset=&#8221;default&#8221; global_colors_info=&#8221;{}&#8221;][et_pb_image src=&#8221;https:\/\/metzpoleservices.fr\/wp-content\/uploads\/2025\/02\/470053540_3944339612454082_2422603354696353225_n.jpg&#8221; _builder_version=&#8221;4.23.2&#8243; _module_preset=&#8221;998415ac-016f-4c20-8bea-e528fd924c88&#8243; global_colors_info=&#8221;{}&#8221;][\/et_pb_image][et_pb_image src=&#8221;https:\/\/metzpoleservices.fr\/wp-content\/uploads\/2025\/02\/470058482_1954060935101134_204934465659111977_n.jpg&#8221; _builder_version=&#8221;4.23.2&#8243; _module_preset=&#8221;998415ac-016f-4c20-8bea-e528fd924c88&#8243; custom_margin=&#8221;30px||||false|false&#8221; custom_margin_last_edited=&#8221;off|phone&#8221; global_colors_info=&#8221;{}&#8221;][\/et_pb_image][\/et_pb_column_inner][et_pb_column_inner type=&#8221;1_2&#8243; saved_specialty_column_type=&#8221;1_2&#8243; _builder_version=&#8221;4.25.1&#8243; _module_preset=&#8221;default&#8221; global_colors_info=&#8221;{}&#8221;][et_pb_image src=&#8221;https:\/\/metzpoleservices.fr\/wp-content\/uploads\/2025\/02\/470053527_2552369911625003_5230505559517768662_n.jpg&#8221; _builder_version=&#8221;4.23.2&#8243; _module_preset=&#8221;998415ac-016f-4c20-8bea-e528fd924c88&#8243; locked=&#8221;off&#8221; global_colors_info=&#8221;{}&#8221;][\/et_pb_image][et_pb_image src=&#8221;https:\/\/metzpoleservices.fr\/wp-content\/uploads\/2025\/02\/467714973_1973880113130353_386098515987332814_n.jpg&#8221; _builder_version=&#8221;4.23.2&#8243; _module_preset=&#8221;998415ac-016f-4c20-8bea-e528fd924c88&#8243; custom_margin=&#8221;30px||||false|false&#8221; locked=&#8221;off&#8221; global_colors_info=&#8221;{}&#8221;][\/et_pb_image][et_pb_image src=&#8221;https:\/\/metzpoleservices.fr\/wp-content\/uploads\/2025\/02\/470057401_903452168617551_8185653760057432731_n.jpg&#8221; _builder_version=&#8221;4.23.2&#8243; _module_preset=&#8221;998415ac-016f-4c20-8bea-e528fd924c88&#8243; custom_margin=&#8221;30px||||false|false&#8221; custom_margin_last_edited=&#8221;off|phone&#8221; global_colors_info=&#8221;{}&#8221;][\/et_pb_image][\/et_pb_column_inner][\/et_pb_row_inner][\/et_pb_column][\/et_pb_section][et_pb_section fb_built=&#8221;1&#8243; admin_label=&#8221;Footer Bottom&#8221; _builder_version=&#8221;4.16&#8243; custom_padding=&#8221;0px||0px|||&#8221; global_colors_info=&#8221;{}&#8221;][et_pb_row column_structure=&#8221;1_3,1_3,1_3&#8243; _builder_version=&#8221;4.16&#8243; custom_padding=&#8221;||0px|||&#8221; global_colors_info=&#8221;{}&#8221;][et_pb_column type=&#8221;1_3&#8243; _builder_version=&#8221;4.16&#8243; custom_padding=&#8221;20px||10px|0px|false|false&#8221; global_colors_info=&#8221;{}&#8221;][et_pb_text _builder_version=&#8221;4.16&#8243; text_font=&#8221;|600|||||||&#8221; text_text_color=&#8221;rgba(103,104,121,0.56)&#8221; text_line_height=&#8221;2em&#8221; link_text_color=&#8221;rgba(103,104,121,0.56)&#8221; header_3_font=&#8221;Roboto Condensed|700||on|||||&#8221; header_3_font_size=&#8221;20px&#8221; header_3_letter_spacing=&#8221;1px&#8221; header_3_line_height=&#8221;1.2em&#8221; max_width=&#8221;640px&#8221; text_font_size_tablet=&#8221;15px&#8221; text_font_size_phone=&#8221;14px&#8221; text_font_size_last_edited=&#8221;off|desktop&#8221; header_3_font_size_tablet=&#8221;&#8221; header_3_font_size_phone=&#8221;18px&#8221; header_3_font_size_last_edited=&#8221;on|phone&#8221; locked=&#8221;off&#8221; global_colors_info=&#8221;{}&#8221; link_text_color__hover_enabled=&#8221;on|hover&#8221; link_text_color__hover=&#8221;#fc3f3f&#8221;]<\/p>\n<p><a href=\"#\">Mentions l\u00e9gales<\/a> | <a href=\"#\">Cookies<\/a><\/p>\n<p>[\/et_pb_text][\/et_pb_column][et_pb_column type=&#8221;1_3&#8243; _builder_version=&#8221;4.16&#8243; background_color=&#8221;#E94B54&#8243; custom_padding=&#8221;20px|20px|10px|20px|false|true&#8221; global_colors_info=&#8221;{}&#8221;][et_pb_social_media_follow icon_color=&#8221;#E94B54&#8243; _builder_version=&#8221;4.16&#8243; background_color=&#8221;RGBA(255,255,255,0)&#8221; text_orientation=&#8221;center&#8221; border_radii=&#8221;on|23px|23px|23px|23px&#8221; global_colors_info=&#8221;{}&#8221;][et_pb_social_media_follow_network social_network=&#8221;facebook&#8221; _builder_version=&#8221;4.16&#8243; background_color=&#8221;#FFFFFF&#8221; background_enable_color=&#8221;on&#8221; custom_padding=&#8221;5px|5px|5px|5px|true|true&#8221; global_colors_info=&#8221;{}&#8221; follow_button=&#8221;off&#8221; url_new_window=&#8221;on&#8221;]facebook[\/et_pb_social_media_follow_network][et_pb_social_media_follow_network social_network=&#8221;twitter&#8221; _builder_version=&#8221;4.16&#8243; background_color=&#8221;#FFFFFF&#8221; background_enable_color=&#8221;on&#8221; custom_padding=&#8221;5px|5px|5px|5px|true|true&#8221; global_colors_info=&#8221;{}&#8221; follow_button=&#8221;off&#8221; url_new_window=&#8221;on&#8221;]twitter[\/et_pb_social_media_follow_network][et_pb_social_media_follow_network social_network=&#8221;instagram&#8221; _builder_version=&#8221;4.16&#8243; background_color=&#8221;#FFFFFF&#8221; background_enable_color=&#8221;on&#8221; custom_padding=&#8221;5px|5px|5px|5px|true|true&#8221; global_colors_info=&#8221;{}&#8221; follow_button=&#8221;off&#8221; url_new_window=&#8221;on&#8221;]instagram[\/et_pb_social_media_follow_network][\/et_pb_social_media_follow][\/et_pb_column][et_pb_column type=&#8221;1_3&#8243; _builder_version=&#8221;4.16&#8243; custom_padding=&#8221;20px||10px|0px|false|false&#8221; global_colors_info=&#8221;{}&#8221;][et_pb_text _builder_version=&#8221;4.16&#8243; _dynamic_attributes=&#8221;content&#8221; text_font=&#8221;|600|||||||&#8221; text_text_color=&#8221;rgba(103,104,121,0.56)&#8221; text_line_height=&#8221;2em&#8221; header_3_font=&#8221;Roboto Condensed|700||on|||||&#8221; header_3_font_size=&#8221;20px&#8221; header_3_letter_spacing=&#8221;1px&#8221; header_3_line_height=&#8221;1.2em&#8221; max_width=&#8221;640px&#8221; text_font_size_tablet=&#8221;15px&#8221; text_font_size_phone=&#8221;14px&#8221; text_font_size_last_edited=&#8221;off|desktop&#8221; header_3_font_size_tablet=&#8221;&#8221; header_3_font_size_phone=&#8221;18px&#8221; header_3_font_size_last_edited=&#8221;on|phone&#8221; locked=&#8221;off&#8221; global_colors_info=&#8221;{}&#8221;]@ET-DC@eyJkeW5hbWljIjp0cnVlLCJjb250ZW50IjoiY3VycmVudF9kYXRlIiwic2V0dGluZ3MiOnsiYmVmb3JlIjoiQ29weXJpZ2h0IFx1MDBhOSAiLCJhZnRlciI6IlBvaW50IGQnQW5jcmFnZSAmYW1wOyBOQyBQcm9qZXRzIiwiZGF0ZV9mb3JtYXQiOiJjdXN0b20iLCJjdXN0b21fZGF0ZV9mb3JtYXQiOiJZIn19@[\/et_pb_text][\/et_pb_column][\/et_pb_row][\/et_pb_section]<\/p>\n","protected":false},"excerpt":{"rendered":"<p>\u2014 ServiceCultivez la terre r\u00e9veillez vos talentsNotre activit\u00e9 mara\u00eechage, allie Agriculture durable et insertion sociale. &nbsp;Sur notre terrain cultiv\u00e9 avec soins nous produisons des l\u00e9gumes, fruits et herbes aromatiques. Tout en offrant une opportunit\u00e9 pr\u00e9cieuse \u00e0 des personnes en parcours d\u2019insertion. Nous produisons du BIO, tous ceci afin de cr\u00e9er des paniers de l\u00e9gumes, frais, [&hellip;]<\/p>\n","protected":false},"author":2,"featured_media":0,"parent":0,"menu_order":0,"comment_status":"closed","ping_status":"closed","template":"","meta":{"_et_pb_use_builder":"on","_et_pb_old_content":"","_et_gb_content_width":"","footnotes":""},"class_list":["post-412","page","type-page","status-publish","hentry"],"_links":{"self":[{"href":"https:\/\/metzpoleservices.fr\/index.php?rest_route=\/wp\/v2\/pages\/412","targetHints":{"allow":["GET"]}}],"collection":[{"href":"https:\/\/metzpoleservices.fr\/index.php?rest_route=\/wp\/v2\/pages"}],"about":[{"href":"https:\/\/metzpoleservices.fr\/index.php?rest_route=\/wp\/v2\/types\/page"}],"author":[{"embeddable":true,"href":"https:\/\/metzpoleservices.fr\/index.php?rest_route=\/wp\/v2\/users\/2"}],"replies":[{"embeddable":true,"href":"https:\/\/metzpoleservices.fr\/index.php?rest_route=%2Fwp%2Fv2%2Fcomments&post=412"}],"version-history":[{"count":13,"href":"https:\/\/metzpoleservices.fr\/index.php?rest_route=\/wp\/v2\/pages\/412\/revisions"}],"predecessor-version":[{"id":558,"href":"https:\/\/metzpoleservices.fr\/index.php?rest_route=\/wp\/v2\/pages\/412\/revisions\/558"}],"wp:attachment":[{"href":"https:\/\/metzpoleservices.fr\/index.php?rest_route=%2Fwp%2Fv2%2Fmedia&parent=412"}],"curies":[{"name":"wp","href":"https:\/\/api.w.org\/{rel}","templated":true}]}}